{"id":44,"date":"2023-07-13T17:52:27","date_gmt":"2023-07-13T15:52:27","guid":{"rendered":"http:\/\/adr-doradztwo2.pl\/?page_id=44"},"modified":"2023-07-13T17:52:27","modified_gmt":"2023-07-13T15:52:27","slug":"szkolenia","status":"publish","type":"page","link":"https:\/\/adr-doradztwo.pl\/?page_id=44","title":{"rendered":"SZKOLENIA"},"content":{"rendered":"\n<p>Wsp\u00f3\u0142pracuj\u0119 z firmami jako wyk\u0142adowca w zakresie szkole\u0144 wewn\u0119trznych w zakresie ADR \u2013 og\u00f3lne, stanowiskowe, w zakresie bezpiecze\u0144stwa dla pracownik\u00f3w.<\/p>\n\n\n\n<p>Zgodnie z przepisem 1.3.2 oraz 8.2.3 umowy europejskiej dotycz\u0105ce mi\u0119dzynarodowego przewozu drogowego towar\u00f3w niebezpiecznych (ADR) osoby zatrudnione przez przedsi\u0119biorc\u0119, kt\u00f3ry wykonuje przew\u00f3z drogowy towar\u00f3w niebezpiecznych lub zwi\u0105zany z tym przewozem za\u0142adunek lub roz\u0142adunek, powinny zosta\u0107 przeszkolone w zakresie wymaga\u0144 zwi\u0105zanych z takim przewozem, stosownie do odpowiedzialno\u015bci i obowi\u0105zk\u00f3w tych os\u00f3b. Niniejsze wymaganie dotyczy os\u00f3b takich jak: pracownicy zatrudnieni przez przewo\u017anika lub nadawc\u0119, pracownicy dokonuj\u0105cy za\u0142adunku lub roz\u0142adunku towar\u00f3w niebezpiecznych, pracownicy firm spedycyjnych lub transportowych, a tak\u017ce kierowcy kt\u00f3rzy nie maj\u0105 uprawnie\u0144 ADR.<\/p>\n\n\n\n<p>Szkolenie ma form\u0119, odpowiednio do zakresu odpowiedzialno\u015bci i obowi\u0105zk\u00f3w os\u00f3b, kt\u00f3rych dotyczy.<\/p>\n\n\n\n<p><strong>Pracownicy zostan\u0105 zaznajomieni z nast\u0119puj\u0105cymi zagadnieniami<\/strong>:<\/p>\n\n\n\n<ul class=\"wp-block-list\">\n<li>og\u00f3lnymi wymaganiami zawartymi w przepisach o przewozie towar\u00f3w niebezpiecznych,<\/li>\n\n\n\n<li>przepisami o przewozie towar\u00f3w niebezpiecznych, \u015bci\u015ble odpowiadaj\u0105cym ich odpowiedzialno\u015bci<br>i obowi\u0105zkom,<\/li>\n\n\n\n<li>zagro\u017ceniami stwarzanymi przez towary niebezpieczne, odpowiednio do stopnia ryzyka utraty zdrowia lub nara\u017cenia, mog\u0105cych by\u0107 skutkiem wypadku przy przewozie takich towar\u00f3w,<br>z uwzgl\u0119dnieniem ich za\u0142adunku i roz\u0142adunku,<\/li>\n\n\n\n<li>bezpieczne sposoby post\u0119powania oraz z procedury ratownicze.<\/li>\n<\/ul>\n\n\n\n<p>Przygotowuj\u0119 szkolenia specjalistyczne na zam\u00f3wienie w zakresie:<\/p>\n\n\n\n<ul class=\"wp-block-list\">\n<li>bezpiecze\u0144stwa chemicznego pracownika,<\/li>\n\n\n\n<li>bezpiecze\u0144stwa przy pos\u0142ugiwaniu si\u0119 materia\u0142ami wybuchowymi,<\/li>\n\n\n\n<li>bezpiecze\u0144stwa przy pracach ze \u015brodkami bojowymi (niewypa\u0142y, niewybuchy, przedmioty wybuchowe),<\/li>\n\n\n\n<li>inne zgodnie z zapotrzebowaniem z dziedzin pokrewnych mojej dzia\u0142alno\u015bci.<\/li>\n<\/ul>\n","protected":false},"excerpt":{"rendered":"<p>Wsp\u00f3\u0142pracuj\u0119 z firmami jako wyk\u0142adowca w zakresie szkole\u0144 wewn\u0119trznych w zakresie ADR \u2013 og\u00f3lne, stanowiskowe, w zakresie bezpiecze\u0144stwa dla pracownik\u00f3w. Zgodnie z przepisem 1.3.2 oraz 8.2.3 umowy europejskiej dotycz\u0105ce mi\u0119dzynarodowego przewozu drogowego towar\u00f3w niebezpiecznych (ADR) osoby zatrudnione przez przedsi\u0119biorc\u0119, kt\u00f3ry wykonuje przew\u00f3z drogowy towar\u00f3w niebezpiecznych lub zwi\u0105zany z tym przewozem za\u0142adunek lub roz\u0142adunek, powinny zosta\u0107 [&hellip;]<\/p>\n","protected":false},"author":1,"featured_media":0,"parent":0,"menu_order":0,"comment_status":"closed","ping_status":"closed","template":"","meta":{"footnotes":""},"class_list":["post-44","page","type-page","status-publish","hentry"],"_links":{"self":[{"href":"https:\/\/adr-doradztwo.pl\/index.php?rest_route=\/wp\/v2\/pages\/44","targetHints":{"allow":["GET"]}}],"collection":[{"href":"https:\/\/adr-doradztwo.pl\/index.php?rest_route=\/wp\/v2\/pages"}],"about":[{"href":"https:\/\/adr-doradztwo.pl\/index.php?rest_route=\/wp\/v2\/types\/page"}],"author":[{"embeddable":true,"href":"https:\/\/adr-doradztwo.pl\/index.php?rest_route=\/wp\/v2\/users\/1"}],"replies":[{"embeddable":true,"href":"https:\/\/adr-doradztwo.pl\/index.php?rest_route=%2Fwp%2Fv2%2Fcomments&post=44"}],"version-history":[{"count":1,"href":"https:\/\/adr-doradztwo.pl\/index.php?rest_route=\/wp\/v2\/pages\/44\/revisions"}],"predecessor-version":[{"id":45,"href":"https:\/\/adr-doradztwo.pl\/index.php?rest_route=\/wp\/v2\/pages\/44\/revisions\/45"}],"wp:attachment":[{"href":"https:\/\/adr-doradztwo.pl\/index.php?rest_route=%2Fwp%2Fv2%2Fmedia&parent=44"}],"curies":[{"name":"wp","href":"https:\/\/api.w.org\/{rel}","templated":true}]}}