{"id":32,"date":"2023-07-13T17:45:13","date_gmt":"2023-07-13T15:45:13","guid":{"rendered":"http:\/\/adr-doradztwo2.pl\/?page_id=32"},"modified":"2023-07-13T17:48:31","modified_gmt":"2023-07-13T15:48:31","slug":"o-mnie","status":"publish","type":"page","link":"https:\/\/adr-doradztwo.pl\/?page_id=32","title":{"rendered":"O MNIE"},"content":{"rendered":"\n<p>Jestem absolwentem Wojskowej Akademii Technicznej w Warszawie Wydzia\u0142u Chemii i Fizyki Technicznej (obecnie Wydzia\u0142 Nowych Technologii i Chemii) (1985) w specjalno\u015bci materia\u0142y wybuchowe. Studia obejmowa\u0142y szeroki zakres tre\u015bci dotycz\u0105cych materia\u0142\u00f3w niebezpiecznych. Uko\u0144czy\u0142em r\u00f3wnie\u017c Studium Doskonalenia Pedagogicznego dla nauczycieli akademickich (1989\/90) w Akademii Rolniczo-Technicznej w Olsztynie (obecny Uniwersytet Warmi\u0144sko \u2013 Mazurski).<\/p>\n\n\n\n<p>W 1997 roku zosta\u0142em bieg\u0142ym s\u0105dowym S\u0105du Okr\u0119gowego w Olsztynie w specjalno\u015bciach, kt\u00f3re przez lata pracy rozszerza\u0142em. W 2003 roku uko\u0144czy\u0142em kurs doradc\u00f3w do spraw bezpiecze\u0144stwa w transporcie towar\u00f3w niebezpiecznych i zda\u0142em egzamin pa\u0144stwowy. Od 2003 roku jestem cz\u0142onkiem Stowarzyszenia Doradc\u00f3w ds. Transportu Towar\u00f3w Niebezpiecznych.<\/p>\n","protected":false},"excerpt":{"rendered":"<p>Jestem absolwentem Wojskowej Akademii Technicznej w Warszawie Wydzia\u0142u Chemii i Fizyki Technicznej (obecnie Wydzia\u0142 Nowych Technologii i Chemii) (1985) w specjalno\u015bci materia\u0142y wybuchowe. Studia obejmowa\u0142y szeroki zakres tre\u015bci dotycz\u0105cych materia\u0142\u00f3w niebezpiecznych. Uko\u0144czy\u0142em r\u00f3wnie\u017c Studium Doskonalenia Pedagogicznego dla nauczycieli akademickich (1989\/90) w Akademii Rolniczo-Technicznej w Olsztynie (obecny Uniwersytet Warmi\u0144sko \u2013 Mazurski). W 1997 roku zosta\u0142em bieg\u0142ym [&hellip;]<\/p>\n","protected":false},"author":1,"featured_media":0,"parent":0,"menu_order":0,"comment_status":"closed","ping_status":"closed","template":"","meta":{"footnotes":""},"class_list":["post-32","page","type-page","status-publish","hentry"],"_links":{"self":[{"href":"https:\/\/adr-doradztwo.pl\/index.php?rest_route=\/wp\/v2\/pages\/32","targetHints":{"allow":["GET"]}}],"collection":[{"href":"https:\/\/adr-doradztwo.pl\/index.php?rest_route=\/wp\/v2\/pages"}],"about":[{"href":"https:\/\/adr-doradztwo.pl\/index.php?rest_route=\/wp\/v2\/types\/page"}],"author":[{"embeddable":true,"href":"https:\/\/adr-doradztwo.pl\/index.php?rest_route=\/wp\/v2\/users\/1"}],"replies":[{"embeddable":true,"href":"https:\/\/adr-doradztwo.pl\/index.php?rest_route=%2Fwp%2Fv2%2Fcomments&post=32"}],"version-history":[{"count":2,"href":"https:\/\/adr-doradztwo.pl\/index.php?rest_route=\/wp\/v2\/pages\/32\/revisions"}],"predecessor-version":[{"id":40,"href":"https:\/\/adr-doradztwo.pl\/index.php?rest_route=\/wp\/v2\/pages\/32\/revisions\/40"}],"wp:attachment":[{"href":"https:\/\/adr-doradztwo.pl\/index.php?rest_route=%2Fwp%2Fv2%2Fmedia&parent=32"}],"curies":[{"name":"wp","href":"https:\/\/api.w.org\/{rel}","templated":true}]}}