{"id":27,"date":"2023-07-13T17:42:56","date_gmt":"2023-07-13T15:42:56","guid":{"rendered":"http:\/\/adr-doradztwo2.pl\/?page_id=27"},"modified":"2023-07-13T17:48:49","modified_gmt":"2023-07-13T15:48:49","slug":"oferta-szkoleniowa","status":"publish","type":"page","link":"https:\/\/adr-doradztwo.pl\/?page_id=27","title":{"rendered":"OFERTA SZKOLENIOWA"},"content":{"rendered":"\n<p>Szkolenie ma form\u0119, odpowiednio do zakresu odpowiedzialno\u015bci i obowi\u0105zk\u00f3w os\u00f3b, kt\u00f3rych dotyczy.<\/p>\n\n\n\n<p><strong>Pracownicy zostan\u0105 zaznajomieni z nast\u0119puj\u0105cymi zagadnieniami<\/strong>:<\/p>\n\n\n\n<ul class=\"wp-block-list\">\n<li>og\u00f3lnymi wymaganiami zawartymi w przepisach o przewozie towar\u00f3w niebezpiecznych,<\/li>\n\n\n\n<li>przepisami o przewozie towar\u00f3w niebezpiecznych, \u015bci\u015ble odpowiadaj\u0105cym ich odpowie &#8211;<br>&#8211; dzialno\u015bci i obowi\u0105zkom,<\/li>\n\n\n\n<li>zagro\u017ceniami stwarzanymi przez towary niebezpieczne, odpowiednio do stopnia ryzyka utraty zdrowia lub nara\u017cenia, mog\u0105cych by\u0107 skutkiem wypadku przy przewozie takich towar\u00f3w,<br>z uwzgl\u0119dnieniem ich za\u0142adunku i roz\u0142adunku,<\/li>\n\n\n\n<li>bezpieczne sposoby post\u0119powania oraz z procedury ratownicze.<\/li>\n<\/ul>\n\n\n\n<p><strong>Przygotowuj\u0119 szkolenia specjalistyczne na zam\u00f3wienie w zakresie<\/strong>:<\/p>\n\n\n\n<ul class=\"wp-block-list\">\n<li>bezpiecze\u0144stwa chemicznego pracownika,<\/li>\n\n\n\n<li>bezpiecze\u0144stwa przy pos\u0142ugiwaniu si\u0119 materia\u0142ami wybuchowymi,<\/li>\n\n\n\n<li>bezpiecze\u0144stwa przy pracach ze \u015brodkami bojowymi (niewypa\u0142y, niewybuchy, przedmioty wybuchowe),<\/li>\n\n\n\n<li>inne zgodnie z zapotrzebowaniem z dziedzin pokrewnych mojej dzia\u0142alno\u015bci.<\/li>\n<\/ul>\n","protected":false},"excerpt":{"rendered":"<p>Szkolenie ma form\u0119, odpowiednio do zakresu odpowiedzialno\u015bci i obowi\u0105zk\u00f3w os\u00f3b, kt\u00f3rych dotyczy. Pracownicy zostan\u0105 zaznajomieni z nast\u0119puj\u0105cymi zagadnieniami: Przygotowuj\u0119 szkolenia specjalistyczne na zam\u00f3wienie w zakresie:<\/p>\n","protected":false},"author":1,"featured_media":0,"parent":0,"menu_order":0,"comment_status":"closed","ping_status":"closed","template":"","meta":{"footnotes":""},"class_list":["post-27","page","type-page","status-publish","hentry"],"_links":{"self":[{"href":"https:\/\/adr-doradztwo.pl\/index.php?rest_route=\/wp\/v2\/pages\/27","targetHints":{"allow":["GET"]}}],"collection":[{"href":"https:\/\/adr-doradztwo.pl\/index.php?rest_route=\/wp\/v2\/pages"}],"about":[{"href":"https:\/\/adr-doradztwo.pl\/index.php?rest_route=\/wp\/v2\/types\/page"}],"author":[{"embeddable":true,"href":"https:\/\/adr-doradztwo.pl\/index.php?rest_route=\/wp\/v2\/users\/1"}],"replies":[{"embeddable":true,"href":"https:\/\/adr-doradztwo.pl\/index.php?rest_route=%2Fwp%2Fv2%2Fcomments&post=27"}],"version-history":[{"count":2,"href":"https:\/\/adr-doradztwo.pl\/index.php?rest_route=\/wp\/v2\/pages\/27\/revisions"}],"predecessor-version":[{"id":41,"href":"https:\/\/adr-doradztwo.pl\/index.php?rest_route=\/wp\/v2\/pages\/27\/revisions\/41"}],"wp:attachment":[{"href":"https:\/\/adr-doradztwo.pl\/index.php?rest_route=%2Fwp%2Fv2%2Fmedia&parent=27"}],"curies":[{"name":"wp","href":"https:\/\/api.w.org\/{rel}","templated":true}]}}