{"id":24,"date":"2023-07-13T17:41:09","date_gmt":"2023-07-13T15:41:09","guid":{"rendered":"http:\/\/adr-doradztwo2.pl\/?page_id=24"},"modified":"2023-07-13T17:49:20","modified_gmt":"2023-07-13T15:49:20","slug":"oferta-doradcza","status":"publish","type":"page","link":"https:\/\/adr-doradztwo.pl\/?page_id=24","title":{"rendered":"OFERTA DORADCZA"},"content":{"rendered":"\n<p>Oferowane przeze mnie us\u0142ugi obejmuj\u0105 doradztwo w zakresie:<\/p>\n\n\n\n<ul class=\"wp-block-list\">\n<li>przewozu towar\u00f3w niebezpiecznych,<\/li>\n\n\n\n<li>wymaga\u0144 przedsi\u0119biorcy zwi\u0105zanych z pakowaniem, za\u0142adunkiem, nape\u0142nianiem lub roz\u0142adunkiem towar\u00f3w niebezpiecznych,<\/li>\n\n\n\n<li>klasyfikacji towar\u00f3w niebezpiecznych,<\/li>\n\n\n\n<li>przepis\u00f3w pakowania, oznakowania i stosowania nalepek ostrzegawczych,<\/li>\n\n\n\n<li>sporz\u0105dzania rocznych sprawozda\u0144,<\/li>\n\n\n\n<li>sporz\u0105dzania raport\u00f3w powypadkowych,<\/li>\n\n\n\n<li>wykonania planu ochrony zgodnie z 1.10.3.2 ADR,<\/li>\n\n\n\n<li>oceny zgodno\u015bci realizacji przewozu z wymaganiami ustawy o przewozie materia\u0142\u00f3w niebezpiecznych,<\/li>\n\n\n\n<li>opracowanie i wprowadzania prawid\u0142owych procedur ratowniczych w zakresie wypadk\u00f3w i awarii, kt\u00f3re mog\u0105 zagra\u017ca\u0107 bezpiecze\u0144stwu podczas przewozu, za\u0142adunku lub roz\u0142adunku towar\u00f3w niebezpiecznych,<\/li>\n\n\n\n<li>opracowanie instrukcji bezpiecze\u0144stwa,<\/li>\n\n\n\n<li>organizacj\u0119 wewn\u0119trznych szkole\u0144 dla pracownik\u00f3w firmy.<\/li>\n<\/ul>\n","protected":false},"excerpt":{"rendered":"<p>Oferowane przeze mnie us\u0142ugi obejmuj\u0105 doradztwo w zakresie:<\/p>\n","protected":false},"author":1,"featured_media":0,"parent":0,"menu_order":0,"comment_status":"closed","ping_status":"closed","template":"","meta":{"footnotes":""},"class_list":["post-24","page","type-page","status-publish","hentry"],"_links":{"self":[{"href":"https:\/\/adr-doradztwo.pl\/index.php?rest_route=\/wp\/v2\/pages\/24","targetHints":{"allow":["GET"]}}],"collection":[{"href":"https:\/\/adr-doradztwo.pl\/index.php?rest_route=\/wp\/v2\/pages"}],"about":[{"href":"https:\/\/adr-doradztwo.pl\/index.php?rest_route=\/wp\/v2\/types\/page"}],"author":[{"embeddable":true,"href":"https:\/\/adr-doradztwo.pl\/index.php?rest_route=\/wp\/v2\/users\/1"}],"replies":[{"embeddable":true,"href":"https:\/\/adr-doradztwo.pl\/index.php?rest_route=%2Fwp%2Fv2%2Fcomments&post=24"}],"version-history":[{"count":2,"href":"https:\/\/adr-doradztwo.pl\/index.php?rest_route=\/wp\/v2\/pages\/24\/revisions"}],"predecessor-version":[{"id":43,"href":"https:\/\/adr-doradztwo.pl\/index.php?rest_route=\/wp\/v2\/pages\/24\/revisions\/43"}],"wp:attachment":[{"href":"https:\/\/adr-doradztwo.pl\/index.php?rest_route=%2Fwp%2Fv2%2Fmedia&parent=24"}],"curies":[{"name":"wp","href":"https:\/\/api.w.org\/{rel}","templated":true}]}}