{"id":21,"date":"2023-07-13T17:36:48","date_gmt":"2023-07-13T15:36:48","guid":{"rendered":"http:\/\/adr-doradztwo2.pl\/?page_id=21"},"modified":"2023-07-13T17:47:43","modified_gmt":"2023-07-13T15:47:43","slug":"doradztwo-adr","status":"publish","type":"page","link":"https:\/\/adr-doradztwo.pl\/?page_id=21","title":{"rendered":"DORADZTWO ADR"},"content":{"rendered":"\n<p>Przepisy ustawy o przewozie towar\u00f3w niebezpiecznych z dnia 19 sierpnia 2011 r. (Art. 15.1.) oraz Umowa europejska dotycz\u0105ca mi\u0119dzynarodowego przewozu drogowego towar\u00f3w niebezpiecznych (ADR) (1.8.3.1) nak\u0142adaj\u0105 na przedsi\u0119biorc\u0119, kt\u00f3ry wykonuje przew\u00f3z drogowy towar\u00f3w niebezpiecznych lub zwi\u0105zane<br>z nim pakowanie, za\u0142adunek, nape\u0142nianie lub roz\u0142adunek, obowi\u0105zek wyznaczenia&nbsp; doradcy do spraw bezpiecze\u0144stwa w transporcie towar\u00f3w niebezpiecznych (DGSA \u2013 Dangerous Goods Safety Advisor).<\/p>\n\n\n\n<p>Towary niebezpieczne to takie materia\u0142y i przedmioty, kt\u00f3rych przew\u00f3z na podstawie przepis\u00f3w jest zabroniony albo dopuszczony jedynie na warunkach okre\u015blonych w przepisach ADR.<\/p>\n\n\n\n<p><strong>Doradca wykonuje obowi\u0105zki na podstawie przepis\u00f3w podanych w ADR (1.8.3.3)<\/strong>:<\/p>\n\n\n\n<ul class=\"wp-block-list\">\n<li>\u015bledzenie zgodno\u015bci z wymaganiami dotycz\u0105cymi przewozu towar\u00f3w niebezpiecznych (klasyfikacja, oznakowanie, dob\u00f3r opakowa\u0144, dokumentacja, plan ochrony, dob\u00f3r \u015brodk\u00f3w transportowych, wyposa\u017cenie pojazd\u00f3w, stosowanie wy\u0142\u0105cze\u0144, raport powypadkowy),<\/li>\n\n\n\n<li>doradzanie przedsi\u0119biorstwu w zakresie przewozu towar\u00f3w niebezpiecznych,<\/li>\n\n\n\n<li>przygotowywanie rocznego sprawozdania z dzia\u0142alno\u015bci przedsi\u0119biorstwa w zakresie przewozu towar\u00f3w niebezpiecznych oraz inne zawarte w 1.8.3.3 ADR.<\/li>\n<\/ul>\n\n\n\n<p>Wsp\u00f3\u0142praca z doradc\u0105 w znacznym stopniu zmniejsza koszty zwi\u0105zane z prowadzeniem dzia\u0142alno\u015bci zwi\u0105zanej z towarami niebezpiecznymi oraz pozwala unikn\u0105\u0107 kar administracyjnych nak\u0142adanych przez inspektor\u00f3w inspekcji transportu drogowego na podstawie za\u0142\u0105cznika do ustawy z dnia 19 sierpnia 2011r. (Dz.U. z 2011 nr 227 poz. 1367).<\/p>\n\n\n\n<p><strong>Zasady wsp\u00f3\u0142pracy:<\/strong><\/p>\n\n\n\n<ul class=\"wp-block-list\">\n<li>Wsp\u00f3\u0142praca odbywa si\u0119 na podstawie umowy cywilnej.<\/li>\n\n\n\n<li>Rozliczenia miesi\u0119czne lub kwartalne lub inne proponowane \u2013 faktury VAT<\/li>\n\n\n\n<li>Ceny do negocjacji<\/li>\n<\/ul>\n\n\n\n<p>Jestem cz\u0142onkiem Stowarzyszenia Doradc\u00f3w ds. Transportu Towar\u00f3w Niebezpiecznych.<\/p>\n","protected":false},"excerpt":{"rendered":"<p>Przepisy ustawy o przewozie towar\u00f3w niebezpiecznych z dnia 19 sierpnia 2011 r. (Art. 15.1.) oraz Umowa europejska dotycz\u0105ca mi\u0119dzynarodowego przewozu drogowego towar\u00f3w niebezpiecznych (ADR) (1.8.3.1) nak\u0142adaj\u0105 na przedsi\u0119biorc\u0119, kt\u00f3ry wykonuje przew\u00f3z drogowy towar\u00f3w niebezpiecznych lub zwi\u0105zanez nim pakowanie, za\u0142adunek, nape\u0142nianie lub roz\u0142adunek, obowi\u0105zek wyznaczenia&nbsp; doradcy do spraw bezpiecze\u0144stwa w transporcie towar\u00f3w niebezpiecznych (DGSA \u2013 Dangerous [&hellip;]<\/p>\n","protected":false},"author":1,"featured_media":0,"parent":0,"menu_order":0,"comment_status":"closed","ping_status":"closed","template":"","meta":{"footnotes":""},"class_list":["post-21","page","type-page","status-publish","hentry"],"_links":{"self":[{"href":"https:\/\/adr-doradztwo.pl\/index.php?rest_route=\/wp\/v2\/pages\/21","targetHints":{"allow":["GET"]}}],"collection":[{"href":"https:\/\/adr-doradztwo.pl\/index.php?rest_route=\/wp\/v2\/pages"}],"about":[{"href":"https:\/\/adr-doradztwo.pl\/index.php?rest_route=\/wp\/v2\/types\/page"}],"author":[{"embeddable":true,"href":"https:\/\/adr-doradztwo.pl\/index.php?rest_route=\/wp\/v2\/users\/1"}],"replies":[{"embeddable":true,"href":"https:\/\/adr-doradztwo.pl\/index.php?rest_route=%2Fwp%2Fv2%2Fcomments&post=21"}],"version-history":[{"count":2,"href":"https:\/\/adr-doradztwo.pl\/index.php?rest_route=\/wp\/v2\/pages\/21\/revisions"}],"predecessor-version":[{"id":38,"href":"https:\/\/adr-doradztwo.pl\/index.php?rest_route=\/wp\/v2\/pages\/21\/revisions\/38"}],"wp:attachment":[{"href":"https:\/\/adr-doradztwo.pl\/index.php?rest_route=%2Fwp%2Fv2%2Fmedia&parent=21"}],"curies":[{"name":"wp","href":"https:\/\/api.w.org\/{rel}","templated":true}]}}